{"id":2006,"date":"2021-05-04T18:08:57","date_gmt":"2021-05-04T18:08:57","guid":{"rendered":"https:\/\/d2ia.fr\/language-and-discourse\/"},"modified":"2023-06-09T10:35:33","modified_gmt":"2023-06-09T10:35:33","slug":"language-and-discourse","status":"publish","type":"page","link":"https:\/\/d2ia.fr\/en\/language-and-discourse\/","title":{"rendered":"Language and discourse"},"content":{"rendered":"<p>[et_pb_section fb_built=&#8221;1&#8243; _builder_version=&#8221;4.16&#8243; _module_preset=&#8221;default&#8221; global_colors_info=&#8221;{}&#8221;][et_pb_row custom_padding_last_edited=&#8221;off|desktop&#8221; admin_label=&#8221;Hero Area&#8221; _builder_version=&#8221;4.16&#8243; custom_padding=&#8221;27px|0px|0px|0px&#8221; global_colors_info=&#8221;{}&#8221;][et_pb_column type=&#8221;4_4&#8243; _builder_version=&#8221;4.16&#8243; custom_padding=&#8221;|||&#8221; global_colors_info=&#8221;{}&#8221; custom_padding__hover=&#8221;|||&#8221;][et_pb_text _builder_version=&#8221;4.17.4&#8243; _module_preset=&#8221;default&#8221; text_font=&#8221;|600||on|||||&#8221; text_text_color=&#8221;#848484&#8243; text_font_size=&#8221;25px&#8221; custom_margin=&#8221;||10px||false|false&#8221; custom_padding=&#8221;||||false|false&#8221; global_colors_info=&#8221;{}&#8221;]<\/p>\n<p>Axe de recherche<\/p>\n<p>[\/et_pb_text][et_pb_divider color=&#8221;#700c17&#8243; divider_weight=&#8221;3px&#8221; _builder_version=&#8221;4.16&#8243; _module_preset=&#8221;default&#8221; width=&#8221;75px&#8221; custom_margin=&#8221;||10px||false|false&#8221; global_colors_info=&#8221;{}&#8221;][\/et_pb_divider][et_pb_text admin_label=&#8221;Hero Title&#8221; _builder_version=&#8221;4.16&#8243; text_font=&#8221;Playfair Display||||||||&#8221; header_font=&#8221;|700|||||||&#8221; header_font_size=&#8221;43px&#8221; header_line_height=&#8221;1.1em&#8221; custom_margin=&#8221;||0px|&#8221; custom_padding=&#8221;|||&#8221; animation_direction=&#8221;left&#8221; text_font_size_last_edited=&#8221;off|desktop&#8221; header_font_size_tablet=&#8221;&#8221; header_font_size_phone=&#8221;60px&#8221; header_font_size_last_edited=&#8221;on|desktop&#8221; global_colors_info=&#8221;{}&#8221;]<\/p>\n<h1>Langues et discours<\/h1>\n<p>[\/et_pb_text][et_pb_text _builder_version=&#8221;4.17.4&#8243; _module_preset=&#8221;default&#8221; global_colors_info=&#8221;{}&#8221;]<\/p>\n<p style=\"font-weight: 400;\">Cet axe de recherche rassemble trois probl\u00e9matiques li\u00e9es \u00e0 diff\u00e9rents domaines compl\u00e9mentaires des sciences du langage. Le premier porte sur la linguistique descriptive appliqu\u00e9e aux langues asiatiques. Le deuxi\u00e8me r\u00e9pond \u00e0 des besoins essentiels li\u00e9s \u00e0 l&#8217;apprentissage de ces langues \u00e0 travers la conception d&#8217;outils sp\u00e9cifiques au service de la didactique. Le troisi\u00e8me s&#8217;int\u00e9resse \u00e0 un type de discours particulier represent\u00e9 par la th\u00e9matique de l&#8217;humour.<\/p>\n<p>[\/et_pb_text][\/et_pb_column][\/et_pb_row][et_pb_row column_structure=&#8221;1_2,1_2&#8243; make_equal=&#8221;on&#8221; _builder_version=&#8221;4.16&#8243; _module_preset=&#8221;default&#8221; width=&#8221;90%&#8221; custom_css_main_element=&#8221;align-items:center;&#8221; global_colors_info=&#8221;{}&#8221;][et_pb_column type=&#8221;1_2&#8243; _builder_version=&#8221;4.16&#8243; _module_preset=&#8221;default&#8221; global_colors_info=&#8221;{}&#8221;][et_pb_image src=&#8221;https:\/\/d2ia.fr\/wp-content\/uploads\/2022\/01\/axe3.1.jpg&#8221; title_text=&#8221;axe3.1&#8243; _builder_version=&#8221;4.16&#8243; _module_preset=&#8221;default&#8221; global_colors_info=&#8221;{}&#8221;][\/et_pb_image][\/et_pb_column][et_pb_column type=&#8221;1_2&#8243; _builder_version=&#8221;4.16&#8243; _module_preset=&#8221;default&#8221; global_colors_info=&#8221;{}&#8221;][et_pb_text _builder_version=&#8221;4.17.4&#8243; _module_preset=&#8221;default&#8221; text_font=&#8221;|600||on|||||&#8221; text_text_color=&#8221;#848484&#8243; text_font_size=&#8221;20px&#8221; text_orientation=&#8221;center&#8221; custom_margin=&#8221;||10px||false|false&#8221; custom_padding=&#8221;||||false|false&#8221; global_colors_info=&#8221;{}&#8221;]<\/p>\n<p style=\"text-align: center;\">PROJET DE RECHERCHE<\/p>\n<p>[\/et_pb_text][et_pb_blurb title=&#8221;Les marqueurs du temps, de l\u2019aspect, de la modalit\u00e9, de l\u2019\u00e9videntialit\u00e9\/m\u00e9diativit\u00e9 dans les langues asiatiques&#8221; url=&#8221;https:\/\/d2ia.fr\/test-article\/&#8221; _builder_version=&#8221;4.16&#8243; _module_preset=&#8221;default&#8221; header_font=&#8221;|700|||||||&#8221; header_text_align=&#8221;center&#8221; header_font_size=&#8221;23px&#8221; header_line_height=&#8221;1.3em&#8221; custom_margin=&#8221;||15px||false|false&#8221; global_colors_info=&#8221;{}&#8221;][\/et_pb_blurb][et_pb_text _builder_version=&#8221;4.17.4&#8243; _module_preset=&#8221;default&#8221; global_colors_info=&#8221;{}&#8221;]<\/p>\n<p style=\"text-align: justify;\">Ce projet de recherche a pour objectif l\u2019\u00e9tude des marqueurs du temps, de l\u2019aspect, de la modalit\u00e9 et de l\u2019\u00e9videntialit\u00e9\/m\u00e9diativit\u00e9 dans les langues d\u2019Asie, selon une approche contrastive int\u00e9grant au moins une langue asiatique (cor\u00e9en-japonais, cor\u00e9en-fran\u00e7ais, japonais-fran\u00e7ais, vietnamien-cor\u00e9en, vietnamien-fran\u00e7ais etc.). Ces travaux de linguistique descriptive visent dans un premier temps \u00e0 mettre en \u00e9vidence les sp\u00e9cificit\u00e9s de ces marqueurs du point de vue s\u00e9mantique et \u00e0 terme, de pr\u00e9ciser les contours des cat\u00e9gories du TAME \u00e0 partir des donn\u00e9es fournies par les diff\u00e9rentes langues asiatiques \u00e9tudi\u00e9es.<\/p>\n<p>[\/et_pb_text][et_pb_button button_url=&#8221;https:\/\/d2ia.fr\/temps-aspect-modalite-evidentialite-dans-les-langues-dasie\/&#8221; button_text=&#8221;Would you like to know more ?&#8221; button_alignment=&#8221;center&#8221; _builder_version=&#8221;4.16&#8243; _module_preset=&#8221;default&#8221; global_colors_info=&#8221;{}&#8221;][\/et_pb_button][\/et_pb_column][\/et_pb_row][et_pb_row column_structure=&#8221;1_2,1_2&#8243; make_equal=&#8221;on&#8221; _builder_version=&#8221;4.16&#8243; _module_preset=&#8221;default&#8221; width=&#8221;90%&#8221; custom_css_main_element=&#8221;align-items:center;&#8221; global_colors_info=&#8221;{}&#8221;][et_pb_column type=&#8221;1_2&#8243; _builder_version=&#8221;4.16&#8243; _module_preset=&#8221;default&#8221; global_colors_info=&#8221;{}&#8221;][et_pb_text _builder_version=&#8221;4.17.4&#8243; _module_preset=&#8221;default&#8221; text_font=&#8221;|600||on|||||&#8221; text_text_color=&#8221;#848484&#8243; text_font_size=&#8221;20px&#8221; text_orientation=&#8221;center&#8221; custom_margin=&#8221;||10px||false|false&#8221; custom_padding=&#8221;||||false|false&#8221; global_colors_info=&#8221;{}&#8221;]<\/p>\n<p style=\"text-align: center;\">PROJET DE RECHERCHE<\/p>\n<p>[\/et_pb_text][et_pb_blurb title=&#8221;Projet HyPa : des outils innovants pour la didactique des langues&#8221; url=&#8221;https:\/\/d2ia.fr\/test-article\/&#8221; _builder_version=&#8221;4.16&#8243; _module_preset=&#8221;default&#8221; header_font=&#8221;|700|||||||&#8221; header_text_align=&#8221;center&#8221; header_font_size=&#8221;23px&#8221; header_line_height=&#8221;1.3em&#8221; custom_margin=&#8221;||15px||false|false&#8221; global_colors_info=&#8221;{}&#8221;][\/et_pb_blurb][et_pb_text _builder_version=&#8221;4.17.4&#8243; _module_preset=&#8221;default&#8221; global_colors_info=&#8221;{}&#8221;]<\/p>\n<p style=\"text-align: justify;\">Ce projet de recherche concerne une des probl\u00e9matiques en didactique des langues asiatiques en soulevant la question de la production d\u2019outils adapt\u00e9s, au service des apprenants. Les outils num\u00e9riques d\u00e9velopp\u00e9s dans le cadre du projet Hypa associent des s\u00e9quences gestuelles simplifi\u00e9es, sortes de ductus num\u00e9riques, \u00e0 des significations sp\u00e9cifiques, facilitant ainsi l\u2019acc\u00e8s \u00e0 l\u2019\u00e9criture chinoise et son apprentissage.<\/p>\n<p>[\/et_pb_text][et_pb_button button_url=&#8221;https:\/\/d2ia.fr\/projet-hypa-des-outils-innovants-pour-la-didactique-des-langues\/&#8221; button_text=&#8221;Would you like to know more ?&#8221; button_alignment=&#8221;center&#8221; _builder_version=&#8221;4.16&#8243; _module_preset=&#8221;default&#8221; global_colors_info=&#8221;{}&#8221;][\/et_pb_button][\/et_pb_column][et_pb_column type=&#8221;1_2&#8243; _builder_version=&#8221;4.16&#8243; _module_preset=&#8221;default&#8221; global_colors_info=&#8221;{}&#8221;][et_pb_image src=&#8221;https:\/\/d2ia.fr\/wp-content\/uploads\/2022\/01\/projet-hypa.jpg&#8221; title_text=&#8221;projet-hypa&#8221; _builder_version=&#8221;4.16&#8243; _module_preset=&#8221;default&#8221; width=&#8221;71%&#8221; module_alignment=&#8221;center&#8221; global_colors_info=&#8221;{}&#8221;][\/et_pb_image][\/et_pb_column][\/et_pb_row][et_pb_row column_structure=&#8221;1_2,1_2&#8243; make_equal=&#8221;on&#8221; _builder_version=&#8221;4.16&#8243; _module_preset=&#8221;default&#8221; width=&#8221;90%&#8221; custom_css_main_element=&#8221;align-items:center;&#8221; global_colors_info=&#8221;{}&#8221;][et_pb_column type=&#8221;1_2&#8243; _builder_version=&#8221;4.16&#8243; _module_preset=&#8221;default&#8221; global_colors_info=&#8221;{}&#8221;][et_pb_image src=&#8221;https:\/\/d2ia.fr\/wp-content\/uploads\/2022\/01\/axe3.1.webp&#8221; title_text=&#8221;axe3.1&#8243; _builder_version=&#8221;4.16&#8243; _module_preset=&#8221;default&#8221; global_colors_info=&#8221;{}&#8221;][\/et_pb_image][\/et_pb_column][et_pb_column type=&#8221;1_2&#8243; _builder_version=&#8221;4.16&#8243; _module_preset=&#8221;default&#8221; global_colors_info=&#8221;{}&#8221;][et_pb_text _builder_version=&#8221;4.17.4&#8243; _module_preset=&#8221;default&#8221; text_font=&#8221;|600||on|||||&#8221; text_text_color=&#8221;#848484&#8243; text_font_size=&#8221;20px&#8221; text_orientation=&#8221;center&#8221; custom_margin=&#8221;||10px||false|false&#8221; custom_padding=&#8221;||||false|false&#8221; global_colors_info=&#8221;{}&#8221;]<\/p>\n<p style=\"text-align: center;\">PROJET DE RECHERCHE<\/p>\n<p>[\/et_pb_text][et_pb_blurb title=&#8221;L\u2019humour en Asie : discours et repr\u00e9sentations&#8221; url=&#8221;https:\/\/d2ia.fr\/test-article\/&#8221; _builder_version=&#8221;4.16&#8243; _module_preset=&#8221;default&#8221; header_font=&#8221;|700|||||||&#8221; header_text_align=&#8221;center&#8221; header_font_size=&#8221;23px&#8221; header_line_height=&#8221;1.3em&#8221; custom_margin=&#8221;||15px||false|false&#8221; global_colors_info=&#8221;{}&#8221;][\/et_pb_blurb][et_pb_text _builder_version=&#8221;4.17.4&#8243; _module_preset=&#8221;default&#8221; global_colors_info=&#8221;{}&#8221;]<\/p>\n<p style=\"text-align: justify;\">Ce projet de recherche aborde la question de l\u2019humour en Asie sous toutes ses formes. Outre la question des proc\u00e9d\u00e9s et des contraintes formelles impos\u00e9es pour chaque langue asiatique (jeux de mots, double sens, cr\u00e9ations lexicales, n\u00e9ologismes) surgit \u00e9galement celle des repr\u00e9sentations de l\u2019Autre, des non-dits, de l\u2019implicite culturel. L&#8217;analyse des formes, des sujets et des genres discursifs met en lumi\u00e8re les m\u00e9canismes de fabrication et de r\u00e9ception des messages humoristiques v\u00e9hicul\u00e9s au sein et depuis l\u2019Asie.<\/p>\n<p>[\/et_pb_text][et_pb_button button_url=&#8221;https:\/\/d2ia.fr\/lhumour-en-asie-discours-et-representations\/&#8221; button_text=&#8221;Would you like to know more ?&#8221; button_alignment=&#8221;center&#8221; _builder_version=&#8221;4.16&#8243; _module_preset=&#8221;default&#8221; global_colors_info=&#8221;{}&#8221;][\/et_pb_button][\/et_pb_column][\/et_pb_row][\/et_pb_section][et_pb_section fb_built=&#8221;1&#8243; admin_label=&#8221;Contact Form Section&#8221; module_id=&#8221;contact&#8221; _builder_version=&#8221;4.14.6&#8243; background_color=&#8221;#fcfcfc&#8221; custom_padding=&#8221;0px||0px|||&#8221; animation_direction=&#8221;bottom&#8221; global_module=&#8221;698&#8243; saved_tabs=&#8221;all&#8221; global_colors_info=&#8221;{}&#8221;][et_pb_row column_structure=&#8221;1_2,1_2&#8243; admin_label=&#8221;Contact Form&#8221; _builder_version=&#8221;4.16&#8243; max_width=&#8221;80%&#8221; custom_padding=&#8221;||20px||false|false&#8221; animation_style=&#8221;fade&#8221; global_colors_info=&#8221;{}&#8221;][et_pb_column type=&#8221;1_2&#8243; _builder_version=&#8221;4.16&#8243; _module_preset=&#8221;default&#8221; global_colors_info=&#8221;{}&#8221;][et_pb_image src=&#8221;https:\/\/d2ia.fr\/wp-content\/uploads\/2021\/09\/1280px-Universite_bordeaux-montaigne_2014_logo.svg_.png&#8221; title_text=&#8221;1280px-Universite_bordeaux-montaigne_2014_logo.svg&#8221; show_bottom_space=&#8221;off&#8221; _builder_version=&#8221;4.17.4&#8243; _module_preset=&#8221;default&#8221; width=&#8221;40%&#8221; module_alignment=&#8221;center&#8221; global_colors_info=&#8221;{}&#8221;][\/et_pb_image][et_pb_text _builder_version=&#8221;4.16&#8243; link_font=&#8221;|||||||#fcd21d|double&#8221; header_font=&#8221;Montserrat||||&#8221; header_4_font=&#8221;|700|||||||&#8221; header_4_font_size=&#8221;22px&#8221; header_4_line_height=&#8221;1.9em&#8221; global_colors_info=&#8221;{}&#8221;]<\/p>\n<p style=\"text-align: center;\">Maison de la Recherche &#8211; Bureau n\u00b08<br \/>Domaine Universitaire, Esplanade des Antilles &#8211; 33607 Pessac<br \/><a href=\"mailto:d2ia@u-bordeaux-montaigne.fr\">d2ia@u-bordeaux-montaigne.fr<\/a>\u00a0<br \/>(+33)5 57 12 60 98 | (+33)5 57 12 68 45<\/p>\n<p>[\/et_pb_text][\/et_pb_column][et_pb_column type=&#8221;1_2&#8243; _builder_version=&#8221;4.16&#8243; _module_preset=&#8221;default&#8221; global_colors_info=&#8221;{}&#8221;][et_pb_image src=&#8221;https:\/\/d2ia.fr\/wp-content\/uploads\/2021\/09\/larochelle.png&#8221; title_text=&#8221;larochelle&#8221; show_bottom_space=&#8221;off&#8221; align=&#8221;center&#8221; _builder_version=&#8221;4.16&#8243; _module_preset=&#8221;default&#8221; width=&#8221;40%&#8221; custom_margin=&#8221;||13px||false|false&#8221; global_colors_info=&#8221;{}&#8221;][\/et_pb_image][et_pb_text _builder_version=&#8221;4.16&#8243; link_font=&#8221;|||||||#fcd21d|double&#8221; header_font=&#8221;Montserrat||||&#8221; header_4_font=&#8221;|700|||||||&#8221; header_4_font_size=&#8221;22px&#8221; header_4_line_height=&#8221;1.9em&#8221; global_colors_info=&#8221;{}&#8221;]<\/p>\n<p style=\"text-align: center;\">Maison de l&#8217;International<br \/>1 parvis Fernand Braudel &#8211; 17042 La Rochelle Cedex 1<br \/><a href=\"mailto:d2ia@u-bordeaux-montaigne.f\">d2ia@u-bordeaux-montaigne.fr<\/a>\u00a0<br \/>(+33)5 46 45 68 51<\/p>\n<p>[\/et_pb_text][\/et_pb_column][\/et_pb_row][et_pb_row _builder_version=&#8221;4.16&#8243; _module_preset=&#8221;default&#8221; custom_padding=&#8221;0px||20px||false|false&#8221; global_colors_info=&#8221;{}&#8221;][et_pb_column type=&#8221;4_4&#8243; _builder_version=&#8221;4.16&#8243; _module_preset=&#8221;default&#8221; global_colors_info=&#8221;{}&#8221;][et_pb_text _builder_version=&#8221;4.16&#8243; _module_preset=&#8221;default&#8221; global_colors_info=&#8221;{}&#8221;]<\/p>\n<p style=\"text-align: center;\">D2iA \u00a9 2022 &#8211; By <a href=\"https:\/\/digitalb8.com\/\">Digital B8<\/a> &#8211; Legal Notices<\/p>\n<p>[\/et_pb_text][\/et_pb_column][\/et_pb_row][\/et_pb_section]<\/p>\n","protected":false},"excerpt":{"rendered":"<p>Axe de rechercheLangues et discoursCet axe de recherche rassemble trois probl\u00e9matiques li\u00e9es \u00e0 diff\u00e9rents domaines compl\u00e9mentaires des sciences du langage. Le premier porte sur la linguistique descriptive appliqu\u00e9e aux langues asiatiques. Le deuxi\u00e8me r\u00e9pond \u00e0 des besoins essentiels li\u00e9s \u00e0 l&#8217;apprentissage de ces langues \u00e0 travers la conception d&#8217;outils sp\u00e9cifiques au service de la didactique. [&hellip;]<\/p>\n","protected":false},"author":2,"featured_media":0,"parent":0,"menu_order":0,"comment_status":"closed","ping_status":"closed","template":"","meta":{"_et_pb_use_builder":"on","_et_pb_old_content":"","_et_gb_content_width":"","footnotes":""},"class_list":["post-2006","page","type-page","status-publish","hentry"],"_links":{"self":[{"href":"https:\/\/d2ia.fr\/en\/wp-json\/wp\/v2\/pages\/2006","targetHints":{"allow":["GET"]}}],"collection":[{"href":"https:\/\/d2ia.fr\/en\/wp-json\/wp\/v2\/pages"}],"about":[{"href":"https:\/\/d2ia.fr\/en\/wp-json\/wp\/v2\/types\/page"}],"author":[{"embeddable":true,"href":"https:\/\/d2ia.fr\/en\/wp-json\/wp\/v2\/users\/2"}],"replies":[{"embeddable":true,"href":"https:\/\/d2ia.fr\/en\/wp-json\/wp\/v2\/comments?post=2006"}],"version-history":[{"count":2,"href":"https:\/\/d2ia.fr\/en\/wp-json\/wp\/v2\/pages\/2006\/revisions"}],"predecessor-version":[{"id":2008,"href":"https:\/\/d2ia.fr\/en\/wp-json\/wp\/v2\/pages\/2006\/revisions\/2008"}],"wp:attachment":[{"href":"https:\/\/d2ia.fr\/en\/wp-json\/wp\/v2\/media?parent=2006"}],"curies":[{"name":"wp","href":"https:\/\/api.w.org\/{rel}","templated":true}]}}